{"id":44,"date":"2025-07-26T03:06:43","date_gmt":"2025-07-26T03:06:43","guid":{"rendered":"https:\/\/puramazon.com.br\/?page_id=44"},"modified":"2025-07-28T18:30:52","modified_gmt":"2025-07-28T18:30:52","slug":"o-produto","status":"publish","type":"page","link":"https:\/\/puramazon.com.br\/en\/o-produto\/","title":{"rendered":"The product"},"content":{"rendered":"<div data-elementor-type=\"wp-page\" data-elementor-id=\"44\" class=\"elementor elementor-44\">\n\t\t\t\t<div class=\"elementor-element elementor-element-793452a e-con-full e-flex e-con e-parent\" data-id=\"793452a\" data-element_type=\"container\" data-settings=\"{&quot;background_background&quot;:&quot;classic&quot;}\">\n\t\t\t\t<div class=\"elementor-element elementor-element-82c0261 elementor-widget elementor-widget-image\" data-id=\"82c0261\" data-element_type=\"widget\" data-widget_type=\"image.default\">\n\t\t\t\t<div class=\"elementor-widget-container\">\n\t\t\t\t\t\t\t\t\t\t\t\t\t\t\t<img fetchpriority=\"high\" decoding=\"async\" width=\"1920\" height=\"800\" src=\"https:\/\/puramazon.com.br\/wp-content\/uploads\/2025\/07\/bn-pa-puramazon-produto-1920-x-800-px.jpg\" class=\"attachment-full size-full wp-image-339\" alt=\"\" srcset=\"https:\/\/puramazon.com.br\/wp-content\/uploads\/2025\/07\/bn-pa-puramazon-produto-1920-x-800-px.jpg 1920w, https:\/\/puramazon.com.br\/wp-content\/uploads\/2025\/07\/bn-pa-puramazon-produto-1920-x-800-px-300x125.jpg 300w, https:\/\/puramazon.com.br\/wp-content\/uploads\/2025\/07\/bn-pa-puramazon-produto-1920-x-800-px-1024x427.jpg 1024w, https:\/\/puramazon.com.br\/wp-content\/uploads\/2025\/07\/bn-pa-puramazon-produto-1920-x-800-px-768x320.jpg 768w, https:\/\/puramazon.com.br\/wp-content\/uploads\/2025\/07\/bn-pa-puramazon-produto-1920-x-800-px-1536x640.jpg 1536w\" sizes=\"(max-width: 1920px) 100vw, 1920px\" \/>\t\t\t\t\t\t\t\t\t\t\t\t\t\t\t<\/div>\n\t\t\t\t<\/div>\n\t\t\t\t<\/div>\n\t\t<div class=\"elementor-element elementor-element-7c9729f e-flex e-con-boxed e-con e-parent\" data-id=\"7c9729f\" data-element_type=\"container\">\n\t\t\t\t\t<div class=\"e-con-inner\">\n\t\t<div class=\"elementor-element elementor-element-1591cad e-con-full e-flex e-con e-child\" data-id=\"1591cad\" data-element_type=\"container\">\n\t\t\t\t<div class=\"elementor-element elementor-element-fcea172 elementor-widget elementor-widget-heading\" data-id=\"fcea172\" data-element_type=\"widget\" data-widget_type=\"heading.default\">\n\t\t\t\t<div class=\"elementor-widget-container\">\n\t\t\t\t\t<h2 class=\"elementor-heading-title elementor-size-default\">The a\u00e7a\u00ed you love. More practical. More versatile. 100% natural.<\/h2>\t\t\t\t<\/div>\n\t\t\t\t<\/div>\n\t\t\t\t<div class=\"elementor-element elementor-element-46536f5 elementor-widget elementor-widget-text-editor\" data-id=\"46536f5\" data-element_type=\"widget\" data-widget_type=\"text-editor.default\">\n\t\t\t\t<div class=\"elementor-widget-container\">\n\t\t\t\t\t\t\t\t\t<p data-start=\"326\" data-end=\"572\">Anyone who loves a\u00e7a\u00ed knows it&#039;s not always easy to have on hand. You need to freeze it, thaw it, blend it...<br data-start=\"435\" data-end=\"438\" \/>That&#039;s when the <strong data-start=\"458\" data-end=\"471\">PurAmazon<\/strong>: the idea of transforming a\u00e7a\u00ed into powder, without losing its flavor, nutrients or connection with the forest.<\/p><p data-start=\"574\" data-end=\"754\">Our a\u00e7a\u00ed powder is made from the whole pulp of the fruit, carefully dehydrated at low temperatures to maintain its <strong data-start=\"701\" data-end=\"753\">antioxidants, fiber, vitamins and good fats<\/strong>.<\/p><p data-start=\"756\" data-end=\"945\">The result? A product <strong data-start=\"780\" data-end=\"833\">natural, practical, light and full of possibilities.<\/strong><br data-start=\"833\" data-end=\"836\" \/>No freezer needed. No rush. Just mix with water, fruit, ice, and sweeten to taste, and it&#039;s ready.<\/p>\t\t\t\t\t\t\t\t<\/div>\n\t\t\t\t<\/div>\n\t\t\t\t<div class=\"elementor-element elementor-element-4e02bd5 elementor-widget elementor-widget-image\" data-id=\"4e02bd5\" data-element_type=\"widget\" data-widget_type=\"image.default\">\n\t\t\t\t<div class=\"elementor-widget-container\">\n\t\t\t\t\t\t\t\t\t\t\t\t\t\t\t<img decoding=\"async\" width=\"479\" height=\"86\" src=\"https:\/\/puramazon.com.br\/wp-content\/uploads\/2025\/07\/icones.png\" class=\"attachment-large size-large wp-image-354\" alt=\"\" srcset=\"https:\/\/puramazon.com.br\/wp-content\/uploads\/2025\/07\/icones.png 479w, https:\/\/puramazon.com.br\/wp-content\/uploads\/2025\/07\/icones-300x54.png 300w\" sizes=\"(max-width: 479px) 100vw, 479px\" \/>\t\t\t\t\t\t\t\t\t\t\t\t\t\t\t<\/div>\n\t\t\t\t<\/div>\n\t\t\t\t<\/div>\n\t\t<div class=\"elementor-element elementor-element-90a0005 e-con-full e-flex e-con e-child\" data-id=\"90a0005\" data-element_type=\"container\">\n\t\t\t\t<div class=\"elementor-element elementor-element-a4ffb2e elementor-widget elementor-widget-image\" data-id=\"a4ffb2e\" data-element_type=\"widget\" data-widget_type=\"image.default\">\n\t\t\t\t<div class=\"elementor-widget-container\">\n\t\t\t\t\t\t\t\t\t\t\t\t\t\t\t<img decoding=\"async\" width=\"800\" height=\"800\" src=\"https:\/\/puramazon.com.br\/wp-content\/uploads\/2025\/07\/ft-produto.jpg\" class=\"attachment-large size-large wp-image-346\" alt=\"\" srcset=\"https:\/\/puramazon.com.br\/wp-content\/uploads\/2025\/07\/ft-produto.jpg 800w, https:\/\/puramazon.com.br\/wp-content\/uploads\/2025\/07\/ft-produto-300x300.jpg 300w, https:\/\/puramazon.com.br\/wp-content\/uploads\/2025\/07\/ft-produto-150x150.jpg 150w, https:\/\/puramazon.com.br\/wp-content\/uploads\/2025\/07\/ft-produto-768x768.jpg 768w\" sizes=\"(max-width: 800px) 100vw, 800px\" \/>\t\t\t\t\t\t\t\t\t\t\t\t\t\t\t<\/div>\n\t\t\t\t<\/div>\n\t\t\t\t<\/div>\n\t\t\t\t\t<\/div>\n\t\t\t\t<\/div>\n\t\t<div class=\"elementor-element elementor-element-2daff52 e-flex e-con-boxed e-con e-parent\" data-id=\"2daff52\" data-element_type=\"container\">\n\t\t\t\t\t<div class=\"e-con-inner\">\n\t\t<div class=\"elementor-element elementor-element-64202c7 e-con-full e-flex e-con e-child\" data-id=\"64202c7\" data-element_type=\"container\">\n\t\t\t\t<div class=\"elementor-element elementor-element-b4ee61f elementor-widget elementor-widget-heading\" data-id=\"b4ee61f\" data-element_type=\"widget\" data-widget_type=\"heading.default\">\n\t\t\t\t<div class=\"elementor-widget-container\">\n\t\t\t\t\t<h2 class=\"elementor-heading-title elementor-size-default\">Why use acai powder?<\/h2>\t\t\t\t<\/div>\n\t\t\t\t<\/div>\n\t\t\t\t<div class=\"elementor-element elementor-element-4060a52 elementor-widget elementor-widget-text-editor\" data-id=\"4060a52\" data-element_type=\"widget\" data-widget_type=\"text-editor.default\">\n\t\t\t\t<div class=\"elementor-widget-container\">\n\t\t\t\t\t\t\t\t\t<ul><li data-start=\"986\" data-end=\"1108\"><p data-start=\"988\" data-end=\"1108\"><strong data-start=\"988\" data-end=\"1019\">No refrigeration required<\/strong><br data-start=\"1019\" data-end=\"1022\" \/>Carry it in your purse, backpack, gym bag, or on a trip. A\u00e7a\u00ed anywhere.<\/p><\/li><li data-start=\"1110\" data-end=\"1227\"><p data-start=\"1112\" data-end=\"1227\"><strong data-start=\"1112\" data-end=\"1133\">Easy to prepare<\/strong><br data-start=\"1133\" data-end=\"1136\" \/>Just rehydrate with water, coconut water, plant-based milk, juice, or mix directly into the recipe.<\/p><\/li><li data-start=\"1229\" data-end=\"1346\"><p data-start=\"1231\" data-end=\"1346\"><strong data-start=\"1231\" data-end=\"1243\">Versatile<\/strong><br data-start=\"1243\" data-end=\"1246\" \/>Use in smoothies, bowls, protein shakes, yogurts, desserts, and even healthy pancakes and cakes.<\/p><\/li><li data-start=\"1348\" data-end=\"1451\"><p data-start=\"1350\" data-end=\"1451\"><strong data-start=\"1350\" data-end=\"1372\">Really natural<\/strong><br data-start=\"1372\" data-end=\"1375\" \/>No added sugar, preservatives or colorings. 100% a\u00e7a\u00ed, 0% rolling.<\/p><\/li><\/ul>\t\t\t\t\t\t\t\t<\/div>\n\t\t\t\t<\/div>\n\t\t\t\t<\/div>\n\t\t<div class=\"elementor-element elementor-element-389bc0d e-con-full e-flex e-con e-child\" data-id=\"389bc0d\" data-element_type=\"container\">\n\t\t\t\t<div class=\"elementor-element elementor-element-d1ce255 elementor-widget elementor-widget-presto_video\" data-id=\"d1ce255\" data-element_type=\"widget\" data-widget_type=\"presto_video.default\">\n\t\t\t\t<div class=\"elementor-widget-container\">\n\t\t\t\t\t<!--presto-player:video_id=1--><figure class=\"wp-block-video presto-block-video  presto-provider-youtube\" style=\"--plyr-color-main: var(--presto-player-highlight-color, #f5f3f5); --presto-player-logo-width: 150px; \">\n    <presto-player  id=\"presto-player-1\" src=\"\/\/www.youtube.com\/embed\/nXZWYfeefNQ?iv_load_policy=3&amp;modestbranding=1&amp;playinline=0&amp;showinfo=0&amp;rel=0&amp;enablejsapi=1\" media-title=\"Receita a\u00e7a\u00ed na tigela PurAmazon\" css=\"\" class=\"presto-video-id-1 presto-preset-id-4 skin-modern\" skin=\"modern\" icon-url=\"https:\/\/puramazon.com.br\/wp-content\/plugins\/presto-player\/img\/sprite.svg\" preload=\"\" poster=\"\"   >\n        \n    <div class=\"presto-iframe-fallback-container\">\n        <iframe style=\"width: 100%\" title=\"Youtube Video\" class=\"presto-fallback-iframe\" id=\"presto-iframe-fallback-1\" data-src=\"https:\/\/www.youtube.com\/embed\/nXZWYfeefNQ?iv_load_policy=3&amp;modestbranding=1&amp;playsinline=1&amp;showinfo=0&amp;rel=0&amp;enablejsapi=1\" allowfullscreen allowtransparency allow=\"autoplay\"><\/iframe>\n    <\/div>\n\n    <\/presto-player>\n<\/figure>\t\t<script>\n\t\t\tvar player = document.querySelector('presto-player#presto-player-1');\n\t\t\tplayer.video_id = 1;\n\t\t\t\t\t\t\t\t\t\t\t\tplayer.preset = {\"id\":4,\"name\":\"Minimal\",\"slug\":\"minimal\",\"icon\":\"controls-play\",\"skin\":\"modern\",\"play-large\":true,\"rewind\":false,\"play\":false,\"fast-forward\":false,\"progress\":false,\"current-time\":false,\"mute\":false,\"volume\":false,\"speed\":false,\"pip\":false,\"fullscreen\":false,\"captions\":false,\"reset_on_end\":true,\"auto_hide\":false,\"show_time_elapsed\":false,\"captions_enabled\":false,\"save_player_position\":false,\"sticky_scroll\":false,\"sticky_scroll_position\":\"bottom right\",\"on_video_end\":\"select\",\"play_video_viewport\":false,\"hide_youtube\":true,\"lazy_load_youtube\":false,\"hide_logo\":true,\"border_radius\":0,\"caption_style\":\"\",\"caption_background\":\"\",\"is_locked\":true,\"cta\":[\"\"],\"watermark\":[\"\"],\"search\":[\"\"],\"email_collection\":[\"\"],\"action_bar\":[\"\"],\"created_by\":1,\"created_at\":\"2025-07-26 21:01:16\",\"updated_at\":\"2025-07-26 21:01:16\",\"deleted_at\":\"\"};\n\t\t\t\t\t\t\t\t\t\t\t\t\t\t\t\tplayer.chapters = [];\n\t\t\t\t\t\t\t\t\t\t\t\t\t\t\t\tplayer.overlays = [];\n\t\t\t\t\t\t\t\t\t\t\t\t\t\t\t\tplayer.tracks = [];\n\t\t\t\t\t\t\t\t\t\t\t\t\t\t\t\tplayer.branding = {\"logo\":\"\",\"color\":\"#f5f3f5\",\"logo_width\":150,\"player_css\":\"\"};\n\t\t\t\t\t\t\t\t\t\t\t\t\t\t\t\tplayer.blockAttributes = {\"playsInline\":false,\"id\":1,\"src\":\"https:\\\/\\\/www.youtube.com\\\/watch?v=nXZWYfeefNQ\",\"preset\":4,\"video_id\":\"nXZWYfeefNQ\",\"title\":\"Receita a\\u00e7a\\u00ed na tigela PurAmazon\"};\n\t\t\t\t\t\t\t\t\t\t\t\t\t\t\t\t\t\t\t\t\t\t\tplayer.skin = \"modern\";\n\t\t\t\t\t\t\t\t\t\t\t\t\t\t\t\tplayer.analytics = false;\n\t\t\t\t\t\t\t\t\t\t\t\t\t\t\t\tplayer.automations = true;\n\t\t\t\t\t\t\t\t\t\t\t\t\t\t\t\tplayer.provider = \"youtube\";\n\t\t\t\t\t\t\t\t\t\t\t\t\t\t\t\tplayer.video_id = 1;\n\t\t\t\t\t\t\t\t\t\t\t\t\t\t\t\t\t\t\t\t\t\t\t\t\t\t\t\t\t\tplayer.provider_video_id = \"nXZWYfeefNQ\";\n\t\t\t\t\t\t\t\t\t\t\t\t\t\t\t\tplayer.youtube = {\"noCookie\":false,\"channelId\":\"\",\"show_count\":false};\n\t\t\t\t\t\t\t\t\t<\/script>\n\t\t\t\t\t\t<\/div>\n\t\t\t\t<\/div>\n\t\t\t\t<div class=\"elementor-element elementor-element-3027558 elementor-widget elementor-widget-heading\" data-id=\"3027558\" data-element_type=\"widget\" data-widget_type=\"heading.default\">\n\t\t\t\t<div class=\"elementor-widget-container\">\n\t\t\t\t\t<h2 class=\"elementor-heading-title elementor-size-default\">With PurAmazon&#039;s a\u00e7a\u00ed powder, you get the energy of the Amazon without relying on a freezer, without waste, and with all the flavor you love.\n<\/br><\/br>\nA\u00e7a\u00ed that moves with you. Wherever you go. However you want it.<\/h2>\t\t\t\t<\/div>\n\t\t\t\t<\/div>\n\t\t\t\t<\/div>\n\t\t\t\t\t<\/div>\n\t\t\t\t<\/div>\n\t\t\t\t<\/div>","protected":false},"excerpt":{"rendered":"<p>O a\u00e7a\u00ed que voc\u00ea ama. Mais pr\u00e1tico. Mais vers\u00e1til. 100% natural. Quem ama a\u00e7a\u00ed sabe: nem sempre \u00e9 f\u00e1cil ter ele \u00e0 m\u00e3o. Precisa congelar, descongelar, bater no liquidificador\u2026Foi a\u00ed que surgiu a PurAmazon: a ideia de transformar o a\u00e7a\u00ed em p\u00f3, sem perder o sabor, os nutrientes ou a conex\u00e3o com a floresta. Nosso [&hellip;]<\/p>","protected":false},"author":1,"featured_media":0,"parent":0,"menu_order":0,"comment_status":"closed","ping_status":"closed","template":"elementor_header_footer","meta":{"footnotes":""},"class_list":["post-44","page","type-page","status-publish","hentry"],"yoast_head":"<!-- This site is optimized with the Yoast SEO plugin v27.2 - https:\/\/yoast.com\/product\/yoast-seo-wordpress\/ -->\n<title>O produto - PurAmazon<\/title>\n<meta name=\"robots\" content=\"index, follow, max-snippet:-1, max-image-preview:large, max-video-preview:-1\" \/>\n<link rel=\"canonical\" href=\"https:\/\/puramazon.com.br\/en\/o-produto\/\" \/>\n<meta property=\"og:locale\" content=\"en_US\" \/>\n<meta property=\"og:type\" content=\"article\" \/>\n<meta property=\"og:title\" content=\"O produto - PurAmazon\" \/>\n<meta property=\"og:description\" content=\"O a\u00e7a\u00ed que voc\u00ea ama. Mais pr\u00e1tico. Mais vers\u00e1til. 100% natural. Quem ama a\u00e7a\u00ed sabe: nem sempre \u00e9 f\u00e1cil ter ele \u00e0 m\u00e3o. Precisa congelar, descongelar, bater no liquidificador\u2026Foi a\u00ed que surgiu a PurAmazon: a ideia de transformar o a\u00e7a\u00ed em p\u00f3, sem perder o sabor, os nutrientes ou a conex\u00e3o com a floresta. Nosso [&hellip;]\" \/>\n<meta property=\"og:url\" content=\"https:\/\/puramazon.com.br\/en\/o-produto\/\" \/>\n<meta property=\"og:site_name\" content=\"PurAmazon\" \/>\n<meta property=\"article:modified_time\" content=\"2025-07-28T18:30:52+00:00\" \/>\n<meta property=\"og:image\" content=\"https:\/\/puramazon.com.br\/wp-content\/uploads\/2025\/07\/bn-pa-puramazon-produto-1920-x-800-px.jpg\" \/>\n\t<meta property=\"og:image:width\" content=\"1920\" \/>\n\t<meta property=\"og:image:height\" content=\"800\" \/>\n\t<meta property=\"og:image:type\" content=\"image\/jpeg\" \/>\n<meta name=\"twitter:card\" content=\"summary_large_image\" \/>\n<meta name=\"twitter:label1\" content=\"Est. reading time\" \/>\n\t<meta name=\"twitter:data1\" content=\"2 minutes\" \/>\n<script type=\"application\/ld+json\" class=\"yoast-schema-graph\">{\"@context\":\"https:\/\/schema.org\",\"@graph\":[{\"@type\":\"WebPage\",\"@id\":\"https:\/\/puramazon.com.br\/o-produto\/\",\"url\":\"https:\/\/puramazon.com.br\/o-produto\/\",\"name\":\"O produto - PurAmazon\",\"isPartOf\":{\"@id\":\"https:\/\/puramazon.com.br\/#website\"},\"primaryImageOfPage\":{\"@id\":\"https:\/\/puramazon.com.br\/o-produto\/#primaryimage\"},\"image\":{\"@id\":\"https:\/\/puramazon.com.br\/o-produto\/#primaryimage\"},\"thumbnailUrl\":\"https:\/\/puramazon.com.br\/wp-content\/uploads\/2025\/07\/bn-pa-puramazon-produto-1920-x-800-px.jpg\",\"datePublished\":\"2025-07-26T03:06:43+00:00\",\"dateModified\":\"2025-07-28T18:30:52+00:00\",\"breadcrumb\":{\"@id\":\"https:\/\/puramazon.com.br\/o-produto\/#breadcrumb\"},\"inLanguage\":\"en-US\",\"potentialAction\":[{\"@type\":\"ReadAction\",\"target\":[\"https:\/\/puramazon.com.br\/o-produto\/\"]}]},{\"@type\":\"ImageObject\",\"inLanguage\":\"en-US\",\"@id\":\"https:\/\/puramazon.com.br\/o-produto\/#primaryimage\",\"url\":\"https:\/\/puramazon.com.br\/wp-content\/uploads\/2025\/07\/bn-pa-puramazon-produto-1920-x-800-px.jpg\",\"contentUrl\":\"https:\/\/puramazon.com.br\/wp-content\/uploads\/2025\/07\/bn-pa-puramazon-produto-1920-x-800-px.jpg\"},{\"@type\":\"BreadcrumbList\",\"@id\":\"https:\/\/puramazon.com.br\/o-produto\/#breadcrumb\",\"itemListElement\":[{\"@type\":\"ListItem\",\"position\":1,\"name\":\"In\u00edcio\",\"item\":\"https:\/\/puramazon.com.br\/\"},{\"@type\":\"ListItem\",\"position\":2,\"name\":\"O produto\"}]},{\"@type\":\"WebSite\",\"@id\":\"https:\/\/puramazon.com.br\/#website\",\"url\":\"https:\/\/puramazon.com.br\/\",\"name\":\"PurAmazon\",\"description\":\"Frutos tropicais\",\"publisher\":{\"@id\":\"https:\/\/puramazon.com.br\/#organization\"},\"potentialAction\":[{\"@type\":\"SearchAction\",\"target\":{\"@type\":\"EntryPoint\",\"urlTemplate\":\"https:\/\/puramazon.com.br\/?s={search_term_string}\"},\"query-input\":{\"@type\":\"PropertyValueSpecification\",\"valueRequired\":true,\"valueName\":\"search_term_string\"}}],\"inLanguage\":\"en-US\"},{\"@type\":\"Organization\",\"@id\":\"https:\/\/puramazon.com.br\/#organization\",\"name\":\"PurAmazon\",\"url\":\"https:\/\/puramazon.com.br\/\",\"logo\":{\"@type\":\"ImageObject\",\"inLanguage\":\"en-US\",\"@id\":\"https:\/\/puramazon.com.br\/#\/schema\/logo\/image\/\",\"url\":\"https:\/\/puramazon.com.br\/wp-content\/uploads\/2025\/07\/cropped-logo_puramazon90px.png\",\"contentUrl\":\"https:\/\/puramazon.com.br\/wp-content\/uploads\/2025\/07\/cropped-logo_puramazon90px.png\",\"width\":624,\"height\":98,\"caption\":\"PurAmazon\"},\"image\":{\"@id\":\"https:\/\/puramazon.com.br\/#\/schema\/logo\/image\/\"}}]}<\/script>\n<!-- \/ Yoast SEO plugin. -->","yoast_head_json":{"title":"O produto - PurAmazon","robots":{"index":"index","follow":"follow","max-snippet":"max-snippet:-1","max-image-preview":"max-image-preview:large","max-video-preview":"max-video-preview:-1"},"canonical":"https:\/\/puramazon.com.br\/en\/o-produto\/","og_locale":"en_US","og_type":"article","og_title":"O produto - PurAmazon","og_description":"O a\u00e7a\u00ed que voc\u00ea ama. Mais pr\u00e1tico. Mais vers\u00e1til. 100% natural. Quem ama a\u00e7a\u00ed sabe: nem sempre \u00e9 f\u00e1cil ter ele \u00e0 m\u00e3o. Precisa congelar, descongelar, bater no liquidificador\u2026Foi a\u00ed que surgiu a PurAmazon: a ideia de transformar o a\u00e7a\u00ed em p\u00f3, sem perder o sabor, os nutrientes ou a conex\u00e3o com a floresta. Nosso [&hellip;]","og_url":"https:\/\/puramazon.com.br\/en\/o-produto\/","og_site_name":"PurAmazon","article_modified_time":"2025-07-28T18:30:52+00:00","og_image":[{"width":1920,"height":800,"url":"https:\/\/puramazon.com.br\/wp-content\/uploads\/2025\/07\/bn-pa-puramazon-produto-1920-x-800-px.jpg","type":"image\/jpeg"}],"twitter_card":"summary_large_image","twitter_misc":{"Est. reading time":"2 minutes"},"schema":{"@context":"https:\/\/schema.org","@graph":[{"@type":"WebPage","@id":"https:\/\/puramazon.com.br\/o-produto\/","url":"https:\/\/puramazon.com.br\/o-produto\/","name":"O produto - PurAmazon","isPartOf":{"@id":"https:\/\/puramazon.com.br\/#website"},"primaryImageOfPage":{"@id":"https:\/\/puramazon.com.br\/o-produto\/#primaryimage"},"image":{"@id":"https:\/\/puramazon.com.br\/o-produto\/#primaryimage"},"thumbnailUrl":"https:\/\/puramazon.com.br\/wp-content\/uploads\/2025\/07\/bn-pa-puramazon-produto-1920-x-800-px.jpg","datePublished":"2025-07-26T03:06:43+00:00","dateModified":"2025-07-28T18:30:52+00:00","breadcrumb":{"@id":"https:\/\/puramazon.com.br\/o-produto\/#breadcrumb"},"inLanguage":"en-US","potentialAction":[{"@type":"ReadAction","target":["https:\/\/puramazon.com.br\/o-produto\/"]}]},{"@type":"ImageObject","inLanguage":"en-US","@id":"https:\/\/puramazon.com.br\/o-produto\/#primaryimage","url":"https:\/\/puramazon.com.br\/wp-content\/uploads\/2025\/07\/bn-pa-puramazon-produto-1920-x-800-px.jpg","contentUrl":"https:\/\/puramazon.com.br\/wp-content\/uploads\/2025\/07\/bn-pa-puramazon-produto-1920-x-800-px.jpg"},{"@type":"BreadcrumbList","@id":"https:\/\/puramazon.com.br\/o-produto\/#breadcrumb","itemListElement":[{"@type":"ListItem","position":1,"name":"In\u00edcio","item":"https:\/\/puramazon.com.br\/"},{"@type":"ListItem","position":2,"name":"O produto"}]},{"@type":"WebSite","@id":"https:\/\/puramazon.com.br\/#website","url":"https:\/\/puramazon.com.br\/","name":"PurAmazon","description":"Frutos tropicais","publisher":{"@id":"https:\/\/puramazon.com.br\/#organization"},"potentialAction":[{"@type":"SearchAction","target":{"@type":"EntryPoint","urlTemplate":"https:\/\/puramazon.com.br\/?s={search_term_string}"},"query-input":{"@type":"PropertyValueSpecification","valueRequired":true,"valueName":"search_term_string"}}],"inLanguage":"en-US"},{"@type":"Organization","@id":"https:\/\/puramazon.com.br\/#organization","name":"PurAmazon","url":"https:\/\/puramazon.com.br\/","logo":{"@type":"ImageObject","inLanguage":"en-US","@id":"https:\/\/puramazon.com.br\/#\/schema\/logo\/image\/","url":"https:\/\/puramazon.com.br\/wp-content\/uploads\/2025\/07\/cropped-logo_puramazon90px.png","contentUrl":"https:\/\/puramazon.com.br\/wp-content\/uploads\/2025\/07\/cropped-logo_puramazon90px.png","width":624,"height":98,"caption":"PurAmazon"},"image":{"@id":"https:\/\/puramazon.com.br\/#\/schema\/logo\/image\/"}}]}},"_links":{"self":[{"href":"https:\/\/puramazon.com.br\/en\/wp-json\/wp\/v2\/pages\/44","targetHints":{"allow":["GET"]}}],"collection":[{"href":"https:\/\/puramazon.com.br\/en\/wp-json\/wp\/v2\/pages"}],"about":[{"href":"https:\/\/puramazon.com.br\/en\/wp-json\/wp\/v2\/types\/page"}],"author":[{"embeddable":true,"href":"https:\/\/puramazon.com.br\/en\/wp-json\/wp\/v2\/users\/1"}],"replies":[{"embeddable":true,"href":"https:\/\/puramazon.com.br\/en\/wp-json\/wp\/v2\/comments?post=44"}],"version-history":[{"count":0,"href":"https:\/\/puramazon.com.br\/en\/wp-json\/wp\/v2\/pages\/44\/revisions"}],"wp:attachment":[{"href":"https:\/\/puramazon.com.br\/en\/wp-json\/wp\/v2\/media?parent=44"}],"curies":[{"name":"wp","href":"https:\/\/api.w.org\/{rel}","templated":true}]}}