{"id":46,"date":"2025-07-26T03:06:43","date_gmt":"2025-07-26T03:06:43","guid":{"rendered":"https:\/\/puramazon.com.br\/?page_id=46"},"modified":"2025-07-27T22:08:28","modified_gmt":"2025-07-27T22:08:28","slug":"impacto-social","status":"publish","type":"page","link":"https:\/\/puramazon.com.br\/en\/impacto-social\/","title":{"rendered":"Social impact"},"content":{"rendered":"<div data-elementor-type=\"wp-page\" data-elementor-id=\"46\" class=\"elementor elementor-46\">\n\t\t\t\t<div class=\"elementor-element elementor-element-c9739f7 e-con-full e-flex e-con e-parent\" data-id=\"c9739f7\" data-element_type=\"container\" data-settings=\"{&quot;background_background&quot;:&quot;classic&quot;}\">\n\t\t\t\t<div class=\"elementor-element elementor-element-5604e75 elementor-widget elementor-widget-image\" data-id=\"5604e75\" data-element_type=\"widget\" data-widget_type=\"image.default\">\n\t\t\t\t<div class=\"elementor-widget-container\">\n\t\t\t\t\t\t\t\t\t\t\t\t\t\t\t<img fetchpriority=\"high\" decoding=\"async\" width=\"1920\" height=\"800\" src=\"https:\/\/puramazon.com.br\/wp-content\/uploads\/2025\/07\/bn-pa-puramazon-social3-1920-x-800-px.jpg\" class=\"attachment-full size-full wp-image-308\" alt=\"\" srcset=\"https:\/\/puramazon.com.br\/wp-content\/uploads\/2025\/07\/bn-pa-puramazon-social3-1920-x-800-px.jpg 1920w, https:\/\/puramazon.com.br\/wp-content\/uploads\/2025\/07\/bn-pa-puramazon-social3-1920-x-800-px-300x125.jpg 300w, https:\/\/puramazon.com.br\/wp-content\/uploads\/2025\/07\/bn-pa-puramazon-social3-1920-x-800-px-1024x427.jpg 1024w, https:\/\/puramazon.com.br\/wp-content\/uploads\/2025\/07\/bn-pa-puramazon-social3-1920-x-800-px-768x320.jpg 768w, https:\/\/puramazon.com.br\/wp-content\/uploads\/2025\/07\/bn-pa-puramazon-social3-1920-x-800-px-1536x640.jpg 1536w\" sizes=\"(max-width: 1920px) 100vw, 1920px\" \/>\t\t\t\t\t\t\t\t\t\t\t\t\t\t\t<\/div>\n\t\t\t\t<\/div>\n\t\t\t\t<\/div>\n\t\t<div class=\"elementor-element elementor-element-2c96396 e-flex e-con-boxed e-con e-parent\" data-id=\"2c96396\" data-element_type=\"container\">\n\t\t\t\t\t<div class=\"e-con-inner\">\n\t\t<div class=\"elementor-element elementor-element-5da928f e-con-full e-flex e-con e-child\" data-id=\"5da928f\" data-element_type=\"container\">\n\t\t\t\t<div class=\"elementor-element elementor-element-3af11e9 elementor-widget elementor-widget-heading\" data-id=\"3af11e9\" data-element_type=\"widget\" data-widget_type=\"heading.default\">\n\t\t\t\t<div class=\"elementor-widget-container\">\n\t\t\t\t\t<h2 class=\"elementor-heading-title elementor-size-default\">Transforming lives and preserving the forest<\/h2>\t\t\t\t<\/div>\n\t\t\t\t<\/div>\n\t\t\t\t<div class=\"elementor-element elementor-element-8c590bd elementor-widget elementor-widget-text-editor\" data-id=\"8c590bd\" data-element_type=\"widget\" data-widget_type=\"text-editor.default\">\n\t\t\t\t<div class=\"elementor-widget-container\">\n\t\t\t\t\t\t\t\t\t<p data-start=\"160\" data-end=\"313\"><span class=\"relative -mx-px my-[-0.2rem] rounded px-px py-[0.2rem] transition-colors duration-100 ease-in-out\">Traditional a\u00e7a\u00ed cultivation supports more than <strong data-start=\"47\" data-end=\"66\">300 thousand people<\/strong> and moves around 3 billion reais per year, mainly in Par\u00e1, which accounts for <strong data-start=\"157\" data-end=\"186\" data-is-last-node=\"\">94 % of national production.<br \/><\/strong><\/span><br data-start=\"235\" data-end=\"238\" \/><span class=\"relative -mx-px my-[-0.2rem] rounded px-px py-[0.2rem] transition-colors duration-100 ease-in-out\">This agroextractivist model contributes to the local economy, keeps the forest standing, and reinforces the cultural identity of riverside communities.<\/span><\/p><p data-start=\"315\" data-end=\"428\"><span class=\"relative -mx-px my-[-0.2rem] rounded px-px py-[0.2rem] transition-colors duration-100 ease-in-out\">The technique of <strong data-start=\"13\" data-end=\"55\">sustainable management of native a\u00e7a\u00ed palm groves<\/strong>, promoted by Embrapa and projects such as Bem Diverso and Sustenta e Inova, increased productivity from 1 t per year to up to <strong data-start=\"176\" data-end=\"190\">6 t year<\/strong> maintaining biodiversity.<\/span><\/p><p data-start=\"315\" data-end=\"428\"><span class=\"relative -mx-px my-[-0.2rem] rounded px-px py-[0.2rem] transition-colors duration-100 ease-in-out\">This result strengthened local income and made harvesting safer for producers and the forest.<\/span><\/p>\t\t\t\t\t\t\t\t<\/div>\n\t\t\t\t<\/div>\n\t\t\t\t<\/div>\n\t\t<div class=\"elementor-element elementor-element-0caf5b7 e-con-full e-flex e-con e-child\" data-id=\"0caf5b7\" data-element_type=\"container\">\n\t\t\t\t<div class=\"elementor-element elementor-element-b10bd66 elementor-widget elementor-widget-image\" data-id=\"b10bd66\" data-element_type=\"widget\" data-widget_type=\"image.default\">\n\t\t\t\t<div class=\"elementor-widget-container\">\n\t\t\t\t\t\t\t\t\t\t\t\t\t\t\t<img decoding=\"async\" width=\"800\" height=\"800\" src=\"https:\/\/puramazon.com.br\/wp-content\/uploads\/2025\/07\/ft-social.jpg\" class=\"attachment-large size-large wp-image-318\" alt=\"\" srcset=\"https:\/\/puramazon.com.br\/wp-content\/uploads\/2025\/07\/ft-social.jpg 800w, https:\/\/puramazon.com.br\/wp-content\/uploads\/2025\/07\/ft-social-300x300.jpg 300w, https:\/\/puramazon.com.br\/wp-content\/uploads\/2025\/07\/ft-social-150x150.jpg 150w, https:\/\/puramazon.com.br\/wp-content\/uploads\/2025\/07\/ft-social-768x768.jpg 768w\" sizes=\"(max-width: 800px) 100vw, 800px\" \/>\t\t\t\t\t\t\t\t\t\t\t\t\t\t\t<\/div>\n\t\t\t\t<\/div>\n\t\t\t\t<\/div>\n\t\t\t\t\t<\/div>\n\t\t\t\t<\/div>\n\t\t<div class=\"elementor-element elementor-element-64e44f0 e-flex e-con-boxed e-con e-parent\" data-id=\"64e44f0\" data-element_type=\"container\">\n\t\t\t\t\t<div class=\"e-con-inner\">\n\t\t<div class=\"elementor-element elementor-element-199ab95 e-con-full e-flex e-con e-child\" data-id=\"199ab95\" data-element_type=\"container\">\n\t\t\t\t<div class=\"elementor-element elementor-element-cafad56 elementor-widget elementor-widget-heading\" data-id=\"cafad56\" data-element_type=\"widget\" data-widget_type=\"heading.default\">\n\t\t\t\t<div class=\"elementor-widget-container\">\n\t\t\t\t\t<h2 class=\"elementor-heading-title elementor-size-default\">Sustainable income = preserved forest<\/h2>\t\t\t\t<\/div>\n\t\t\t\t<\/div>\n\t\t\t\t<div class=\"elementor-element elementor-element-263543e elementor-widget elementor-widget-text-editor\" data-id=\"263543e\" data-element_type=\"widget\" data-widget_type=\"text-editor.default\">\n\t\t\t\t<div class=\"elementor-widget-container\">\n\t\t\t\t\t\t\t\t\t<p data-start=\"778\" data-end=\"857\"><span class=\"relative -mx-px my-[-0.2rem] rounded px-px py-[0.2rem] transition-colors duration-100 ease-in-out\">According to the <strong data-start=\"10\" data-end=\"24\">Sindfrutas<\/strong>, the increase in production transformed the production chain: today the a\u00e7a\u00ed palms are cultivated with management, and <strong data-start=\"128\" data-end=\"154\">118 industries in Par\u00e1<\/strong> depend on the production of riverside dwellers, benefiting around <strong data-start=\"215\" data-end=\"245\">5 thousand families per company<\/strong>This ecosystem generates jobs not only in agriculture, but also for boatmen, porters, and cooperatives.<\/span><\/p><p data-start=\"859\" data-end=\"938\"><span class=\"relative -mx-px my-[-0.2rem] rounded px-px py-[0.2rem] transition-colors duration-100 ease-in-out\">While many projects have led to a\u00e7a\u00ed monoculture \u2014 which poses a risk to biodiversity \u2014 initiatives such as minimum impact management preserve forest diversity, maintaining other species typical of floodplain forests and the functioning of local ecosystems.<\/span><\/p>\t\t\t\t\t\t\t\t<\/div>\n\t\t\t\t<\/div>\n\t\t\t\t<div class=\"elementor-element elementor-element-d6a4484 elementor-widget elementor-widget-heading\" data-id=\"d6a4484\" data-element_type=\"widget\" data-widget_type=\"heading.default\">\n\t\t\t\t<div class=\"elementor-widget-container\">\n\t\t\t\t\t<h2 class=\"elementor-heading-title elementor-size-default\">Education, culture and local protagonism<\/h2>\t\t\t\t<\/div>\n\t\t\t\t<\/div>\n\t\t\t\t<div class=\"elementor-element elementor-element-c26c6b0 elementor-widget elementor-widget-text-editor\" data-id=\"c26c6b0\" data-element_type=\"widget\" data-widget_type=\"text-editor.default\">\n\t\t\t\t<div class=\"elementor-widget-container\">\n\t\t\t\t\t\t\t\t\t<p data-start=\"992\" data-end=\"1071\"><span class=\"relative -mx-px my-[-0.2rem] rounded px-px py-[0.2rem] transition-colors duration-100 ease-in-out\">THE <strong data-start=\"2\" data-end=\"27\">Amazonbai Cooperative<\/strong>, in Amap\u00e1, directs 5 % of a\u00e7a\u00ed production directly to agroecological schools in the community. Today, children of producers are achieving higher education and graduating as doctors or engineers, the result of a generation growing up with autonomy and hope.<\/span><\/p><p data-start=\"1073\" data-end=\"1152\"><span class=\"relative -mx-px my-[-0.2rem] rounded px-px py-[0.2rem] transition-colors duration-100 ease-in-out\">Furthermore, environmental fairs in riverside communities strengthen local self-esteem, promote knowledge exchange, agroecological management, and crafts with biojewels and traditional culture.<\/span><\/p>\t\t\t\t\t\t\t\t<\/div>\n\t\t\t\t<\/div>\n\t\t\t\t<\/div>\n\t\t<div class=\"elementor-element elementor-element-3107e9b e-con-full e-flex e-con e-child\" data-id=\"3107e9b\" data-element_type=\"container\">\n\t\t\t\t<div class=\"elementor-element elementor-element-68c3e2f elementor-widget elementor-widget-image\" data-id=\"68c3e2f\" data-element_type=\"widget\" data-widget_type=\"image.default\">\n\t\t\t\t<div class=\"elementor-widget-container\">\n\t\t\t\t\t\t\t\t\t\t\t\t\t\t\t<img decoding=\"async\" width=\"800\" height=\"800\" src=\"https:\/\/puramazon.com.br\/wp-content\/uploads\/2025\/07\/ft-social-panela.jpg\" class=\"attachment-large size-large wp-image-325\" alt=\"\" srcset=\"https:\/\/puramazon.com.br\/wp-content\/uploads\/2025\/07\/ft-social-panela.jpg 800w, https:\/\/puramazon.com.br\/wp-content\/uploads\/2025\/07\/ft-social-panela-300x300.jpg 300w, https:\/\/puramazon.com.br\/wp-content\/uploads\/2025\/07\/ft-social-panela-150x150.jpg 150w, https:\/\/puramazon.com.br\/wp-content\/uploads\/2025\/07\/ft-social-panela-768x768.jpg 768w\" sizes=\"(max-width: 800px) 100vw, 800px\" \/>\t\t\t\t\t\t\t\t\t\t\t\t\t\t\t<\/div>\n\t\t\t\t<\/div>\n\t\t\t\t<\/div>\n\t\t\t\t\t<\/div>\n\t\t\t\t<\/div>\n\t\t\t\t<\/div>","protected":false},"excerpt":{"rendered":"<p>Transformando vidas e preservando a floresta O cultivo tradicional de a\u00e7a\u00ed sustenta mais de 300 mil pessoas e movimenta cerca de 3\u202fbilh\u00f5es de reais por ano, principalmente no Par\u00e1, que responde por 94\u202f% da produ\u00e7\u00e3o nacional.Esse modelo agroextrativista contribui para a economia local, mant\u00e9m a floresta em p\u00e9 e refor\u00e7a a identidade cultural das comunidades [&hellip;]<\/p>","protected":false},"author":1,"featured_media":0,"parent":0,"menu_order":0,"comment_status":"closed","ping_status":"closed","template":"elementor_header_footer","meta":{"footnotes":""},"class_list":["post-46","page","type-page","status-publish","hentry"],"yoast_head":"<!-- This site is optimized with the Yoast SEO plugin v27.2 - https:\/\/yoast.com\/product\/yoast-seo-wordpress\/ -->\n<title>Impacto social - PurAmazon<\/title>\n<meta name=\"robots\" content=\"index, follow, max-snippet:-1, max-image-preview:large, max-video-preview:-1\" \/>\n<link rel=\"canonical\" href=\"https:\/\/puramazon.com.br\/en\/impacto-social\/\" \/>\n<meta property=\"og:locale\" content=\"en_US\" \/>\n<meta property=\"og:type\" content=\"article\" \/>\n<meta property=\"og:title\" content=\"Impacto social - PurAmazon\" \/>\n<meta property=\"og:description\" content=\"Transformando vidas e preservando a floresta O cultivo tradicional de a\u00e7a\u00ed sustenta mais de 300 mil pessoas e movimenta cerca de 3\u202fbilh\u00f5es de reais por ano, principalmente no Par\u00e1, que responde por 94\u202f% da produ\u00e7\u00e3o nacional.Esse modelo agroextrativista contribui para a economia local, mant\u00e9m a floresta em p\u00e9 e refor\u00e7a a identidade cultural das comunidades [&hellip;]\" \/>\n<meta property=\"og:url\" content=\"https:\/\/puramazon.com.br\/en\/impacto-social\/\" \/>\n<meta property=\"og:site_name\" content=\"PurAmazon\" \/>\n<meta property=\"article:modified_time\" content=\"2025-07-27T22:08:28+00:00\" \/>\n<meta property=\"og:image\" content=\"https:\/\/puramazon.com.br\/wp-content\/uploads\/2025\/07\/bn-pa-puramazon-social3-1920-x-800-px.jpg\" \/>\n\t<meta property=\"og:image:width\" content=\"1920\" \/>\n\t<meta property=\"og:image:height\" content=\"800\" \/>\n\t<meta property=\"og:image:type\" content=\"image\/jpeg\" \/>\n<meta name=\"twitter:card\" content=\"summary_large_image\" \/>\n<meta name=\"twitter:label1\" content=\"Est. reading time\" \/>\n\t<meta name=\"twitter:data1\" content=\"3 minutes\" \/>\n<script type=\"application\/ld+json\" class=\"yoast-schema-graph\">{\"@context\":\"https:\/\/schema.org\",\"@graph\":[{\"@type\":\"WebPage\",\"@id\":\"https:\/\/puramazon.com.br\/impacto-social\/\",\"url\":\"https:\/\/puramazon.com.br\/impacto-social\/\",\"name\":\"Impacto social - PurAmazon\",\"isPartOf\":{\"@id\":\"https:\/\/puramazon.com.br\/#website\"},\"primaryImageOfPage\":{\"@id\":\"https:\/\/puramazon.com.br\/impacto-social\/#primaryimage\"},\"image\":{\"@id\":\"https:\/\/puramazon.com.br\/impacto-social\/#primaryimage\"},\"thumbnailUrl\":\"https:\/\/puramazon.com.br\/wp-content\/uploads\/2025\/07\/bn-pa-puramazon-social3-1920-x-800-px.jpg\",\"datePublished\":\"2025-07-26T03:06:43+00:00\",\"dateModified\":\"2025-07-27T22:08:28+00:00\",\"breadcrumb\":{\"@id\":\"https:\/\/puramazon.com.br\/impacto-social\/#breadcrumb\"},\"inLanguage\":\"en-US\",\"potentialAction\":[{\"@type\":\"ReadAction\",\"target\":[\"https:\/\/puramazon.com.br\/impacto-social\/\"]}]},{\"@type\":\"ImageObject\",\"inLanguage\":\"en-US\",\"@id\":\"https:\/\/puramazon.com.br\/impacto-social\/#primaryimage\",\"url\":\"https:\/\/puramazon.com.br\/wp-content\/uploads\/2025\/07\/bn-pa-puramazon-social3-1920-x-800-px.jpg\",\"contentUrl\":\"https:\/\/puramazon.com.br\/wp-content\/uploads\/2025\/07\/bn-pa-puramazon-social3-1920-x-800-px.jpg\"},{\"@type\":\"BreadcrumbList\",\"@id\":\"https:\/\/puramazon.com.br\/impacto-social\/#breadcrumb\",\"itemListElement\":[{\"@type\":\"ListItem\",\"position\":1,\"name\":\"In\u00edcio\",\"item\":\"https:\/\/puramazon.com.br\/\"},{\"@type\":\"ListItem\",\"position\":2,\"name\":\"Impacto social\"}]},{\"@type\":\"WebSite\",\"@id\":\"https:\/\/puramazon.com.br\/#website\",\"url\":\"https:\/\/puramazon.com.br\/\",\"name\":\"PurAmazon\",\"description\":\"Frutos tropicais\",\"publisher\":{\"@id\":\"https:\/\/puramazon.com.br\/#organization\"},\"potentialAction\":[{\"@type\":\"SearchAction\",\"target\":{\"@type\":\"EntryPoint\",\"urlTemplate\":\"https:\/\/puramazon.com.br\/?s={search_term_string}\"},\"query-input\":{\"@type\":\"PropertyValueSpecification\",\"valueRequired\":true,\"valueName\":\"search_term_string\"}}],\"inLanguage\":\"en-US\"},{\"@type\":\"Organization\",\"@id\":\"https:\/\/puramazon.com.br\/#organization\",\"name\":\"PurAmazon\",\"url\":\"https:\/\/puramazon.com.br\/\",\"logo\":{\"@type\":\"ImageObject\",\"inLanguage\":\"en-US\",\"@id\":\"https:\/\/puramazon.com.br\/#\/schema\/logo\/image\/\",\"url\":\"https:\/\/puramazon.com.br\/wp-content\/uploads\/2025\/07\/cropped-logo_puramazon90px.png\",\"contentUrl\":\"https:\/\/puramazon.com.br\/wp-content\/uploads\/2025\/07\/cropped-logo_puramazon90px.png\",\"width\":624,\"height\":98,\"caption\":\"PurAmazon\"},\"image\":{\"@id\":\"https:\/\/puramazon.com.br\/#\/schema\/logo\/image\/\"}}]}<\/script>\n<!-- \/ Yoast SEO plugin. -->","yoast_head_json":{"title":"Impacto social - PurAmazon","robots":{"index":"index","follow":"follow","max-snippet":"max-snippet:-1","max-image-preview":"max-image-preview:large","max-video-preview":"max-video-preview:-1"},"canonical":"https:\/\/puramazon.com.br\/en\/impacto-social\/","og_locale":"en_US","og_type":"article","og_title":"Impacto social - PurAmazon","og_description":"Transformando vidas e preservando a floresta O cultivo tradicional de a\u00e7a\u00ed sustenta mais de 300 mil pessoas e movimenta cerca de 3\u202fbilh\u00f5es de reais por ano, principalmente no Par\u00e1, que responde por 94\u202f% da produ\u00e7\u00e3o nacional.Esse modelo agroextrativista contribui para a economia local, mant\u00e9m a floresta em p\u00e9 e refor\u00e7a a identidade cultural das comunidades [&hellip;]","og_url":"https:\/\/puramazon.com.br\/en\/impacto-social\/","og_site_name":"PurAmazon","article_modified_time":"2025-07-27T22:08:28+00:00","og_image":[{"width":1920,"height":800,"url":"https:\/\/puramazon.com.br\/wp-content\/uploads\/2025\/07\/bn-pa-puramazon-social3-1920-x-800-px.jpg","type":"image\/jpeg"}],"twitter_card":"summary_large_image","twitter_misc":{"Est. reading time":"3 minutes"},"schema":{"@context":"https:\/\/schema.org","@graph":[{"@type":"WebPage","@id":"https:\/\/puramazon.com.br\/impacto-social\/","url":"https:\/\/puramazon.com.br\/impacto-social\/","name":"Impacto social - PurAmazon","isPartOf":{"@id":"https:\/\/puramazon.com.br\/#website"},"primaryImageOfPage":{"@id":"https:\/\/puramazon.com.br\/impacto-social\/#primaryimage"},"image":{"@id":"https:\/\/puramazon.com.br\/impacto-social\/#primaryimage"},"thumbnailUrl":"https:\/\/puramazon.com.br\/wp-content\/uploads\/2025\/07\/bn-pa-puramazon-social3-1920-x-800-px.jpg","datePublished":"2025-07-26T03:06:43+00:00","dateModified":"2025-07-27T22:08:28+00:00","breadcrumb":{"@id":"https:\/\/puramazon.com.br\/impacto-social\/#breadcrumb"},"inLanguage":"en-US","potentialAction":[{"@type":"ReadAction","target":["https:\/\/puramazon.com.br\/impacto-social\/"]}]},{"@type":"ImageObject","inLanguage":"en-US","@id":"https:\/\/puramazon.com.br\/impacto-social\/#primaryimage","url":"https:\/\/puramazon.com.br\/wp-content\/uploads\/2025\/07\/bn-pa-puramazon-social3-1920-x-800-px.jpg","contentUrl":"https:\/\/puramazon.com.br\/wp-content\/uploads\/2025\/07\/bn-pa-puramazon-social3-1920-x-800-px.jpg"},{"@type":"BreadcrumbList","@id":"https:\/\/puramazon.com.br\/impacto-social\/#breadcrumb","itemListElement":[{"@type":"ListItem","position":1,"name":"In\u00edcio","item":"https:\/\/puramazon.com.br\/"},{"@type":"ListItem","position":2,"name":"Impacto social"}]},{"@type":"WebSite","@id":"https:\/\/puramazon.com.br\/#website","url":"https:\/\/puramazon.com.br\/","name":"PurAmazon","description":"Frutos tropicais","publisher":{"@id":"https:\/\/puramazon.com.br\/#organization"},"potentialAction":[{"@type":"SearchAction","target":{"@type":"EntryPoint","urlTemplate":"https:\/\/puramazon.com.br\/?s={search_term_string}"},"query-input":{"@type":"PropertyValueSpecification","valueRequired":true,"valueName":"search_term_string"}}],"inLanguage":"en-US"},{"@type":"Organization","@id":"https:\/\/puramazon.com.br\/#organization","name":"PurAmazon","url":"https:\/\/puramazon.com.br\/","logo":{"@type":"ImageObject","inLanguage":"en-US","@id":"https:\/\/puramazon.com.br\/#\/schema\/logo\/image\/","url":"https:\/\/puramazon.com.br\/wp-content\/uploads\/2025\/07\/cropped-logo_puramazon90px.png","contentUrl":"https:\/\/puramazon.com.br\/wp-content\/uploads\/2025\/07\/cropped-logo_puramazon90px.png","width":624,"height":98,"caption":"PurAmazon"},"image":{"@id":"https:\/\/puramazon.com.br\/#\/schema\/logo\/image\/"}}]}},"_links":{"self":[{"href":"https:\/\/puramazon.com.br\/en\/wp-json\/wp\/v2\/pages\/46","targetHints":{"allow":["GET"]}}],"collection":[{"href":"https:\/\/puramazon.com.br\/en\/wp-json\/wp\/v2\/pages"}],"about":[{"href":"https:\/\/puramazon.com.br\/en\/wp-json\/wp\/v2\/types\/page"}],"author":[{"embeddable":true,"href":"https:\/\/puramazon.com.br\/en\/wp-json\/wp\/v2\/users\/1"}],"replies":[{"embeddable":true,"href":"https:\/\/puramazon.com.br\/en\/wp-json\/wp\/v2\/comments?post=46"}],"version-history":[{"count":0,"href":"https:\/\/puramazon.com.br\/en\/wp-json\/wp\/v2\/pages\/46\/revisions"}],"wp:attachment":[{"href":"https:\/\/puramazon.com.br\/en\/wp-json\/wp\/v2\/media?parent=46"}],"curies":[{"name":"wp","href":"https:\/\/api.w.org\/{rel}","templated":true}]}}